{"id":153,"date":"2022-06-22T22:12:48","date_gmt":"2022-06-22T20:12:48","guid":{"rendered":"http:\/\/greenezio.fr\/?page_id=153"},"modified":"2023-01-21T11:32:11","modified_gmt":"2023-01-21T10:32:11","slug":"pour-nissan-leaf-et-e-nv200","status":"publish","type":"page","link":"https:\/\/greenezio.fr\/index.php\/pour-nissan-leaf-et-e-nv200\/","title":{"rendered":"Upgrade Batterie 40kWh \/ 250km"},"content":{"rendered":"\n<h2 class=\"has-text-align-center\">pour Nissan Leaf et e-NV200<\/h2>\n\n\n\n<h2>250km d&#8217;autonomie, vraiment?<\/h2>\n\n\n\n<figure class=\"wp-block-image size-large is-resized\"><img loading=\"lazy\" src=\"http:\/\/greenezio.fr\/wp-content\/uploads\/2022\/06\/2016-nissan-leaf-dash-250-km-europe-2913973552-1-1024x375.jpg\" alt=\"\" class=\"wp-image-134\" width=\"512\" height=\"188\" srcset=\"https:\/\/greenezio.fr\/wp-content\/uploads\/2022\/06\/2016-nissan-leaf-dash-250-km-europe-2913973552-1-1024x375.jpg 1024w, https:\/\/greenezio.fr\/wp-content\/uploads\/2022\/06\/2016-nissan-leaf-dash-250-km-europe-2913973552-1-300x110.jpg 300w, https:\/\/greenezio.fr\/wp-content\/uploads\/2022\/06\/2016-nissan-leaf-dash-250-km-europe-2913973552-1-768x281.jpg 768w, https:\/\/greenezio.fr\/wp-content\/uploads\/2022\/06\/2016-nissan-leaf-dash-250-km-europe-2913973552-1-1200x439.jpg 1200w, https:\/\/greenezio.fr\/wp-content\/uploads\/2022\/06\/2016-nissan-leaf-dash-250-km-europe-2913973552-1.jpg 1224w\" sizes=\"(max-width: 512px) 100vw, 512px\" \/><figcaption>40kWh correspond \u00e0 200-250 kms d&#8217;autonomie en cycle urbain.<\/figcaption><\/figure>\n\n\n\n<p>Oui, vraiment! De nombreux facteurs influencent l&#8217;autonomie d&#8217;un v\u00e9hicule \u00e9lectrique: conduite, temps, chargement, utilisation du chauffage etc&#8230; Plus d&#8217;information sur le calcul d&#8217;autonomie <a href=\"https:\/\/greenezio.fr\/index.php\/estimer-lautonomie-dune-nissan-leaf-e-nv200-ou-autre-voiture-electrique\/\" data-type=\"page\" data-id=\"229\">ici<\/a>.<\/p>\n\n\n\n<h2>Est-ce une vraie batterie 40kWh?<\/h2>\n\n\n\n<p>Avec cette batterie, votre Nissan Leaf ou e-NV200 24kWh de 2011 \u00e0 2021 peut \u00eatre mise \u00e0 niveau en 40 kWh.<br><\/p>\n\n\n\n<div class=\"wp-block-image\"><figure class=\"alignleft size-full is-resized\"><img loading=\"lazy\" src=\"http:\/\/greenezio.fr\/wp-content\/uploads\/2022\/06\/Captura-de-pantalla-2021-10-17-a-las-21.15.12-600x426_adobe_express.png\" alt=\"\" class=\"wp-image-89\" width=\"450\" height=\"320\" srcset=\"https:\/\/greenezio.fr\/wp-content\/uploads\/2022\/06\/Captura-de-pantalla-2021-10-17-a-las-21.15.12-600x426_adobe_express.png 600w, https:\/\/greenezio.fr\/wp-content\/uploads\/2022\/06\/Captura-de-pantalla-2021-10-17-a-las-21.15.12-600x426_adobe_express-300x213.png 300w\" sizes=\"(max-width: 450px) 100vw, 450px\" \/><\/figure><\/div>\n\n\n\n<p>Nos batteries sont fabriqu\u00e9es en Espagne, \u00e0 partir de boitier de batterie d&#8217;origine Nissan. Nous utilisons des cellules haut de gamme du march\u00e9, utilis\u00e9es par les principaux constructeurs automobiles de l&#8217;industrie. Elles ont une densit\u00e9 d&#8217;\u00e9nergie plus \u00e9lev\u00e9e et un excellent courant de sortie qui correspond parfaitement aux exigences des Nissan \u00e9l\u00e9ctriques. Les cellules sont mont\u00e9es en 3 modules dans le bo\u00eetier Leaf. Le poids de la batterie sera d&#8217;environ 275 kg, l\u00e9g\u00e8rement inf\u00e9rieur aux 24 kWh d&#8217;origine qui p\u00e8sent 294 kg. Il comprend un dispositif de pont can-bus pr\u00e9-install\u00e9 qui d\u00e9verrouillera la capacit\u00e9 suppl\u00e9mentaire de votre nouvelle batterie, vous n&#8217;avez donc pas \u00e0 vous soucier de l&#8217;installer.<\/p>\n\n\n\n<h2>Comment la monter sur ma voiture?<\/h2>\n\n\n\n<div class=\"wp-block-image\"><figure class=\"alignleft size-full is-resized\"><img loading=\"lazy\" src=\"http:\/\/greenezio.fr\/wp-content\/uploads\/2022\/06\/42EE6959-7D7C-4198-9DD6-B36787D99BDF-1-1024x576-1.jpg\" alt=\"\" class=\"wp-image-112\" width=\"512\" height=\"288\" srcset=\"https:\/\/greenezio.fr\/wp-content\/uploads\/2022\/06\/42EE6959-7D7C-4198-9DD6-B36787D99BDF-1-1024x576-1.jpg 1024w, https:\/\/greenezio.fr\/wp-content\/uploads\/2022\/06\/42EE6959-7D7C-4198-9DD6-B36787D99BDF-1-1024x576-1-300x169.jpg 300w, https:\/\/greenezio.fr\/wp-content\/uploads\/2022\/06\/42EE6959-7D7C-4198-9DD6-B36787D99BDF-1-1024x576-1-768x432.jpg 768w\" sizes=\"(max-width: 512px) 100vw, 512px\" \/><\/figure><\/div>\n\n\n\n<p>* Nous vous assisterons pour l&#8217;installation dans un atelier de la r\u00e9gion parisienne, gratuitement.<\/p>\n\n\n\n<p>* Dans le cas d&#8217;une installation \u00e0 distance, nous fournirons autant de support et d&#8217;aide que n\u00e9cessaire pour une installation correcte par le client final ou l&#8217;atelier de son choix. <\/p>\n\n\n\n<p>* Attention: bien qu&#8217;il s&#8217;agisse d&#8217;une op\u00e9ration tr\u00e8s simple, elle n\u00e9cessite un pont \u00e9l\u00e9vateur, une table \u00e9l\u00e9vatrice et des outils standard pour d\u00e9placer une batterie lourde. Nous ne pouvons \u00eatre tenus responsables de l&#8217;installation par des tiers.<\/p>\n\n\n\n<h2>Combien \u00e7a coute?<\/h2>\n\n\n\n<p>* Un paiement initial de 490\u20ac \u00e0 la confirmation de la commande<br>* Le reste de 9 500\u20ac plus les frais de port.<\/p>\n\n\n\n<p><strong>Montant Total 9 990\u20ac<\/strong>, <br><em>Comprend 2 ans de garantie limit\u00e9e aux vices de mat\u00e9riaux ou de fabrication. La garantie ne couvre pas la d\u00e9gradation normale des cellules ou l&#8217;exc\u00e8s de charges rapides.<br>Les frais de port seront determin\u00e9s au cas par cas en fonction de la localisation du v\u00e9hicule.<\/em><\/p>\n\n\n\n<h2>Comment commander?<\/h2>\n\n\n\n<p>Remplissez le <a href=\"https:\/\/greenezio.fr\/index.php\/formulaire-pour-le-remplacement-de-batterie-40-kwh\/\">Formulaire de pr\u00e9commande<\/a> gratuit: <\/p>\n","protected":false},"excerpt":{"rendered":"<p>pour Nissan Leaf et e-NV200 250km d&#8217;autonomie, vraiment? Oui, vraiment! De nombreux facteurs influencent l&#8217;autonomie d&#8217;un v\u00e9hicule \u00e9lectrique: conduite, temps, chargement, utilisation du chauffage etc&#8230; Plus d&#8217;information sur le calcul d&#8217;autonomie ici. Est-ce une vraie batterie 40kWh? Avec cette batterie, votre Nissan Leaf ou e-NV200 24kWh de 2011 \u00e0 2021 peut \u00eatre mise \u00e0 niveau [&hellip;]<\/p>\n","protected":false},"author":1,"featured_media":96,"parent":0,"menu_order":0,"comment_status":"closed","ping_status":"closed","template":"templates\/template-full-width.php","meta":[],"_links":{"self":[{"href":"https:\/\/greenezio.fr\/index.php\/wp-json\/wp\/v2\/pages\/153"}],"collection":[{"href":"https:\/\/greenezio.fr\/index.php\/wp-json\/wp\/v2\/pages"}],"about":[{"href":"https:\/\/greenezio.fr\/index.php\/wp-json\/wp\/v2\/types\/page"}],"author":[{"embeddable":true,"href":"https:\/\/greenezio.fr\/index.php\/wp-json\/wp\/v2\/users\/1"}],"replies":[{"embeddable":true,"href":"https:\/\/greenezio.fr\/index.php\/wp-json\/wp\/v2\/comments?post=153"}],"version-history":[{"count":19,"href":"https:\/\/greenezio.fr\/index.php\/wp-json\/wp\/v2\/pages\/153\/revisions"}],"predecessor-version":[{"id":280,"href":"https:\/\/greenezio.fr\/index.php\/wp-json\/wp\/v2\/pages\/153\/revisions\/280"}],"wp:featuredmedia":[{"embeddable":true,"href":"https:\/\/greenezio.fr\/index.php\/wp-json\/wp\/v2\/media\/96"}],"wp:attachment":[{"href":"https:\/\/greenezio.fr\/index.php\/wp-json\/wp\/v2\/media?parent=153"}],"curies":[{"name":"wp","href":"https:\/\/api.w.org\/{rel}","templated":true}]}}