{"id":197,"date":"2022-06-25T21:41:28","date_gmt":"2022-06-25T19:41:28","guid":{"rendered":"https:\/\/greenezio.fr\/?page_id=197"},"modified":"2022-06-25T21:44:02","modified_gmt":"2022-06-25T19:44:02","slug":"formulaire-pour-le-remplacement-de-batterie-40-kwh","status":"publish","type":"page","link":"https:\/\/greenezio.fr\/index.php\/formulaire-pour-le-remplacement-de-batterie-40-kwh\/","title":{"rendered":"Formulaire pour le remplacement de batterie 40 kWh"},"content":{"rendered":"\n<p>Completez ce formulaire si vous \u00eates interress\u00e9 par le remplacement de la batterie de votre Nissan Leaf ou e-NV200<\/p>\n\n\n\n<p>Le nombre de batteries disponibles sera initialement limit\u00e9, les demandes seront trait\u00e9es sur la base du premier arriv\u00e9, premier servi. Les demandes de concernant des v\u00e9hicules localis\u00e9s en France auront priorit\u00e9.<\/p>\n\n\n\n<p>Merci.<\/p>\n\n\n<div class=\"wpforms-container wpforms-container-full\" id=\"wpforms-192\"><form id=\"wpforms-form-192\" class=\"wpforms-validate wpforms-form wpforms-ajax-form\" data-formid=\"192\" method=\"post\" enctype=\"multipart\/form-data\" action=\"\/index.php\/wp-json\/wp\/v2\/pages\/197\" data-token=\"e31b5e75d0903e5cbd51993efcf8bbc0\"><noscript class=\"wpforms-error-noscript\">Please enable JavaScript in your browser to complete this form.<\/noscript><div class=\"wpforms-field-container\"><div id=\"wpforms-192-field_9-container\" class=\"wpforms-field wpforms-field-select wpforms-field-select-style-classic\" data-field-id=\"9\"><label class=\"wpforms-field-label\" for=\"wpforms-192-field_9\">Vehicule\/inter\u00eat <span class=\"wpforms-required-label\">*<\/span><\/label><select id=\"wpforms-192-field_9\" class=\"wpforms-field-medium wpforms-field-required\" name=\"wpforms[fields][9]\" required=\"required\"><option value=\"\" class=\"placeholder\" disabled  selected='selected'>Select<\/option><option value=\"Batterie 40kWh pour Nissan Leaf\" >Batterie 40kWh pour Nissan Leaf<\/option><option value=\"Batterie 40kWh pour Nissan E-NV200\" >Batterie 40kWh pour Nissan E-NV200<\/option><\/select><\/div><div id=\"wpforms-192-field_10-container\" class=\"wpforms-field wpforms-field-select wpforms-field-select-style-classic\" data-field-id=\"10\"><label class=\"wpforms-field-label\" for=\"wpforms-192-field_10\">Ann\u00e9e de construction <span class=\"wpforms-required-label\">*<\/span><\/label><select id=\"wpforms-192-field_10\" class=\"wpforms-field-medium wpforms-field-required\" name=\"wpforms[fields][10]\" required=\"required\"><option value=\"\" class=\"placeholder\" disabled  selected='selected'>Select<\/option><option value=\"2011\" >2011<\/option><option value=\"2012\" >2012<\/option><option value=\"2013\" >2013<\/option><option value=\"2014\" >2014<\/option><option value=\"2015\" >2015<\/option><option value=\"2016\" >2016<\/option><option value=\"2017\" >2017<\/option><option value=\"2018\" >2018<\/option><option value=\"2019\" >2019<\/option><option value=\"2020\" >2020<\/option><option value=\"2021\" >2021<\/option><option value=\"2022\" >2022<\/option><\/select><\/div><div id=\"wpforms-192-field_15-container\" class=\"wpforms-field wpforms-field-select wpforms-field-select-style-classic\" data-field-id=\"15\"><label class=\"wpforms-field-label\" for=\"wpforms-192-field_15\">Localisation du v\u00e9hicule - Pays <span class=\"wpforms-required-label\">*<\/span><\/label><select id=\"wpforms-192-field_15\" class=\"wpforms-field-medium wpforms-field-required\" name=\"wpforms[fields][15]\" required=\"required\"><option value=\"\" class=\"placeholder\" disabled  selected='selected'>Select<\/option><option value=\"Belgique\" >Belgique<\/option><option value=\"France\" >France<\/option><option value=\"Luxembourg\" >Luxembourg<\/option><option value=\"Suisse\" >Suisse<\/option><\/select><div class=\"wpforms-field-description\">Pour les autres pays, rendez-vous sur la version du site en anglais.<\/div><\/div><div id=\"wpforms-192-field_2-container\" class=\"wpforms-field wpforms-field-text\" data-field-id=\"2\"><label class=\"wpforms-field-label\" for=\"wpforms-192-field_2\">Localisation du v\u00e9hicule - Ville &amp; code postal<\/label><input type=\"text\" id=\"wpforms-192-field_2\" class=\"wpforms-field-medium\" name=\"wpforms[fields][2]\" ><\/div><div id=\"wpforms-192-field_8-container\" class=\"wpforms-field wpforms-field-name\" data-field-id=\"8\"><label class=\"wpforms-field-label\" for=\"wpforms-192-field_8\">Votre Nom <span class=\"wpforms-required-label\">*<\/span><\/label><div class=\"wpforms-field-row wpforms-field-medium\"><div class=\"wpforms-field-row-block wpforms-first wpforms-one-half\"><input type=\"text\" id=\"wpforms-192-field_8\" class=\"wpforms-field-name-first wpforms-field-required\" name=\"wpforms[fields][8][first]\" required><label for=\"wpforms-192-field_8\" class=\"wpforms-field-sublabel after \">First<\/label><\/div><div class=\"wpforms-field-row-block wpforms-one-half\"><input type=\"text\" id=\"wpforms-192-field_8-last\" class=\"wpforms-field-name-last wpforms-field-required\" name=\"wpforms[fields][8][last]\" required><label for=\"wpforms-192-field_8-last\" class=\"wpforms-field-sublabel after \">Last<\/label><\/div><\/div><\/div><div id=\"wpforms-192-field_7-container\" class=\"wpforms-field wpforms-field-email\" data-field-id=\"7\"><label class=\"wpforms-field-label\" for=\"wpforms-192-field_7\">Email <span class=\"wpforms-required-label\">*<\/span><\/label><input type=\"email\" id=\"wpforms-192-field_7\" class=\"wpforms-field-medium wpforms-field-required\" name=\"wpforms[fields][7]\" required><\/div><div id=\"wpforms-192-field_17-container\" class=\"wpforms-field wpforms-field-select wpforms-field-select-style-classic\" data-field-id=\"17\"><label class=\"wpforms-field-label\" for=\"wpforms-192-field_17\">Quand pensez-vous changer de batterie<\/label><select id=\"wpforms-192-field_17\" class=\"wpforms-field-medium\" name=\"wpforms[fields][17]\"><option value=\"\" class=\"placeholder\" disabled  selected='selected'>Select<\/option><option value=\"D\u00e8s que possible\" >D\u00e8s que possible<\/option><option value=\"Dans moins de 6 mois\" >Dans moins de 6 mois<\/option><option value=\"Dans moins d&#039;un an\" >Dans moins d&#039;un an<\/option><option value=\"Je ne sais pas\" >Je ne sais pas<\/option><\/select><\/div><div id=\"wpforms-192-field_16-container\" class=\"wpforms-field wpforms-field-textarea\" data-field-id=\"16\"><label class=\"wpforms-field-label\" for=\"wpforms-192-field_16\">Commentaires et\/ou Questions copmpl\u00e9mentaires<\/label><textarea id=\"wpforms-192-field_16\" class=\"wpforms-field-medium\" name=\"wpforms[fields][16]\" ><\/textarea><\/div><\/div><div class=\"wpforms-recaptcha-container wpforms-is-recaptcha\"><div class=\"g-recaptcha\" data-sitekey=\"6Lee8ewfAAAAAJ-CuyJnKVv39wWzknAIp7CDRV-m\"><\/div><input type=\"text\" name=\"g-recaptcha-hidden\" class=\"wpforms-recaptcha-hidden\" style=\"position:absolute!important;clip:rect(0,0,0,0)!important;height:1px!important;width:1px!important;border:0!important;overflow:hidden!important;padding:0!important;margin:0!important;\" required><\/div><div class=\"wpforms-submit-container\"><input type=\"hidden\" name=\"wpforms[id]\" value=\"192\"><input type=\"hidden\" name=\"wpforms[author]\" value=\"1\"><button type=\"submit\" name=\"wpforms[submit]\" id=\"wpforms-submit-192\" class=\"wpforms-submit\" data-alt-text=\"Envoi...\" data-submit-text=\"Envoyer\" aria-live=\"assertive\" value=\"wpforms-submit\">Envoyer<\/button><img src=\"https:\/\/greenezio.fr\/wp-content\/plugins\/wpforms-lite\/assets\/images\/submit-spin.svg\" class=\"wpforms-submit-spinner\" style=\"display: none;\" width=\"26\" height=\"26\" alt=\"Loading\"><\/div><\/form><\/div>  <!-- .wpforms-container -->","protected":false},"excerpt":{"rendered":"<p>Completez ce formulaire si vous \u00eates interress\u00e9 par le remplacement de la batterie de votre Nissan Leaf ou e-NV200 Le nombre de batteries disponibles sera initialement limit\u00e9, les demandes seront trait\u00e9es sur la base du premier arriv\u00e9, premier servi. Les demandes de concernant des v\u00e9hicules localis\u00e9s en France auront priorit\u00e9. Merci.<\/p>\n","protected":false},"author":1,"featured_media":0,"parent":0,"menu_order":0,"comment_status":"closed","ping_status":"closed","template":"templates\/template-full-width.php","meta":[],"_links":{"self":[{"href":"https:\/\/greenezio.fr\/index.php\/wp-json\/wp\/v2\/pages\/197"}],"collection":[{"href":"https:\/\/greenezio.fr\/index.php\/wp-json\/wp\/v2\/pages"}],"about":[{"href":"https:\/\/greenezio.fr\/index.php\/wp-json\/wp\/v2\/types\/page"}],"author":[{"embeddable":true,"href":"https:\/\/greenezio.fr\/index.php\/wp-json\/wp\/v2\/users\/1"}],"replies":[{"embeddable":true,"href":"https:\/\/greenezio.fr\/index.php\/wp-json\/wp\/v2\/comments?post=197"}],"version-history":[{"count":2,"href":"https:\/\/greenezio.fr\/index.php\/wp-json\/wp\/v2\/pages\/197\/revisions"}],"predecessor-version":[{"id":201,"href":"https:\/\/greenezio.fr\/index.php\/wp-json\/wp\/v2\/pages\/197\/revisions\/201"}],"wp:attachment":[{"href":"https:\/\/greenezio.fr\/index.php\/wp-json\/wp\/v2\/media?parent=197"}],"curies":[{"name":"wp","href":"https:\/\/api.w.org\/{rel}","templated":true}]}}